{"id":1377,"date":"2019-02-02T11:51:56","date_gmt":"2019-02-02T10:51:56","guid":{"rendered":"https:\/\/bonjourseville.com\/cookie-policy\/"},"modified":"2020-04-19T16:37:40","modified_gmt":"2020-04-19T14:37:40","slug":"politique-de-cookies","status":"publish","type":"page","link":"https:\/\/bonjourseville.com\/fr\/politique-de-cookies\/","title":{"rendered":"Politique de Cookies"},"content":{"rendered":"<p>Ceci est la politique de cookie pour Bonjour S\u00e9ville, accessible \u00e0 partir de <a href=\"https:\/\/bonjourseville.com\">bonjourseville.com<\/a>.<\/p>\n<p><strong>Que sont les cookies?<\/strong><\/p>\n<p>Comme il est de pratique courante dans presque tous les sites Web professionnels, ce site utilise des cookies, qui sont de minuscules fichiers t\u00e9l\u00e9charg\u00e9s sur votre ordinateur, pour am\u00e9liorer votre exp\u00e9rience. Cette page d\u00e9crit quelles informations ils collectent, comment nous les utilisons et pourquoi nous avons parfois besoin de stocker ces cookies. Nous vous expliquerons \u00e9galement comment vous pouvez emp\u00eacher l\u2019enregistrement de ces cookies. Toutefois, cela pourrait d\u00e9grader ou \u00abcasser\u00bb certains \u00e9l\u00e9ments de la fonctionnalit\u00e9 des sites.<\/p>\n<p>Pour plus d&rsquo;informations g\u00e9n\u00e9rales sur les cookies, consultez l&rsquo;article de Wikipedia sur les <a href=\"https:\/\/en.wikipedia.org\/wiki\/HTTP_cookie\" target=\"_blank\" rel=\"noopener\">cookies HTTP<\/a>.<\/p>\n<p><strong>Comment nous utilisons les cookies<\/strong><\/p>\n<p>Nous utilisons des cookies pour diverses raisons d\u00e9taill\u00e9es ci-dessous. Malheureusement, dans la plupart des cas, il n\u2019existe pas d\u2019option standard dans le secteur permettant de d\u00e9sactiver les cookies sans d\u00e9sactiver compl\u00e8tement les fonctionnalit\u00e9s qu\u2019ils ajoutent \u00e0 ce site. Il est recommand\u00e9 de laisser tous les cookies si vous ne savez pas si vous en avez besoin ou non, au cas o\u00f9 ils sont utilis\u00e9s pour fournir un service que vous utilisez.<\/p>\n<p><strong>D\u00e9sactiver les cookies<\/strong><\/p>\n<p>Vous pouvez emp\u00eacher l&rsquo;installation de cookies en ajustant les param\u00e8tres de votre navigateur (consultez l&rsquo;aide de votre navigateur pour savoir comment proc\u00e9der). Sachez que la d\u00e9sactivation des cookies affectera les fonctionnalit\u00e9s de ce site et de nombreux autres sites Web que vous visitez. La d\u00e9sactivation des cookies entra\u00eene g\u00e9n\u00e9ralement \u00e9galement la d\u00e9sactivation de certaines fonctionnalit\u00e9s et fonctionnalit\u00e9s de ce site. Par cons\u00e9quent, il est recommand\u00e9 de ne pas d\u00e9sactiver les cookies.<\/p>\n<p><strong>Les cookies que nous avons pr\u00e9par\u00e9s<\/strong><\/p>\n<ul>\n<li style=\"list-style-type: none;\">\n<ul>\n<li>Cookies li\u00e9s aux formulaires: lorsque vous envoyez des donn\u00e9es via un formulaire tel que ceux trouv\u00e9s sur les pages de contact ou les formulaires de commentaires, les cookies peuvent \u00eatre configur\u00e9s pour m\u00e9moriser les informations de votre utilisateur pour une correspondance ult\u00e9rieure.<\/li>\n<li>Cookies de pr\u00e9f\u00e9rences de site: afin de vous offrir une exp\u00e9rience inoubliable sur ce site, nous fournissons la fonctionnalit\u00e9 permettant de d\u00e9finir vos pr\u00e9f\u00e9rences pour le fonctionnement de ce site lorsque vous l&rsquo;utilisez. Afin de m\u00e9moriser vos pr\u00e9f\u00e9rences, nous devons d\u00e9finir des cookies afin que ces informations puissent \u00eatre appel\u00e9es chaque fois que vous interagissez avec une page affect\u00e9e par vos pr\u00e9f\u00e9rences.<\/li>\n<\/ul>\n<\/li>\n<\/ul>\n<p><strong>Cookies de tiers<\/strong><\/p>\n<p>Dans certains cas particuliers, nous utilisons \u00e9galement des cookies fournis par des tiers de confiance. La section suivante d\u00e9taille les cookies tiers que vous pourriez rencontrer via ce site.<\/p>\n<ul>\n<li>Ce site utilise Google Analytics, l\u2019une des solutions d\u2019analyse sur le Web les plus r\u00e9pandues et les plus fiables, pour nous aider \u00e0 comprendre comment vous utilisez le site et comment nous pouvons am\u00e9liorer votre exp\u00e9rience. Ces cookies peuvent suivre des choses telles que le temps que vous passez sur le site et les pages que vous visitez, afin que nous puissions continuer \u00e0 produire un contenu attrayant. Pour plus d&rsquo;informations sur les cookies de Google Analytics, voir la page officielle de Google Analytics.<\/li>\n<\/ul>\n<p><strong>Plus d&rsquo;information<\/strong><\/p>\n<p>Esp\u00e9rons que cela clarifie les choses pour vous et, comme cela a \u00e9t\u00e9 mentionn\u00e9 pr\u00e9c\u00e9demment, s&rsquo;il y a quelque chose dont vous ne savez pas vraiment si vous avez besoin ou non, il est g\u00e9n\u00e9ralement plus s\u00fbr de laisser les cookies activ\u00e9s au cas o\u00f9 il interagirait avec l&rsquo;une des fonctionnalit\u00e9s que vous utilisez sur notre site.<\/p>\n<p>Toutefois, si vous recherchez toujours plus d&rsquo;informations, vous pouvez nous contacter:<\/p>\n<ul>\n<li>Email: <a href=\"mailto:contact@bonjourseville.com\">contact@bonjourseville.com<\/a><\/li>\n<\/ul>\n","protected":false},"excerpt":{"rendered":"<p>Ceci est la politique de cookie pour Bonjour S\u00e9ville, accessible \u00e0 partir de bonjourseville.com. Que sont les cookies? Comme il est de pratique courante dans presque tous les sites Web professionnels, ce site utilise des cookies, qui sont de minuscules fichiers t\u00e9l\u00e9charg\u00e9s sur votre ordinateur,&hellip; <a class=\"read-more\" href=\"https:\/\/bonjourseville.com\/fr\/politique-de-cookies\/\">Lire la suite<\/a><\/p>\n","protected":false},"author":2,"featured_media":0,"parent":0,"menu_order":0,"comment_status":"closed","ping_status":"closed","template":"","meta":{"_exactmetrics_skip_tracking":false,"_exactmetrics_sitenote_active":false,"_exactmetrics_sitenote_note":"","_exactmetrics_sitenote_category":0},"_links":{"self":[{"href":"https:\/\/bonjourseville.com\/fr\/wp-json\/wp\/v2\/pages\/1377"}],"collection":[{"href":"https:\/\/bonjourseville.com\/fr\/wp-json\/wp\/v2\/pages"}],"about":[{"href":"https:\/\/bonjourseville.com\/fr\/wp-json\/wp\/v2\/types\/page"}],"author":[{"embeddable":true,"href":"https:\/\/bonjourseville.com\/fr\/wp-json\/wp\/v2\/users\/2"}],"replies":[{"embeddable":true,"href":"https:\/\/bonjourseville.com\/fr\/wp-json\/wp\/v2\/comments?post=1377"}],"version-history":[{"count":9,"href":"https:\/\/bonjourseville.com\/fr\/wp-json\/wp\/v2\/pages\/1377\/revisions"}],"predecessor-version":[{"id":3187,"href":"https:\/\/bonjourseville.com\/fr\/wp-json\/wp\/v2\/pages\/1377\/revisions\/3187"}],"wp:attachment":[{"href":"https:\/\/bonjourseville.com\/fr\/wp-json\/wp\/v2\/media?parent=1377"}],"curies":[{"name":"wp","href":"https:\/\/api.w.org\/{rel}","templated":true}]}}