{"id":2733,"date":"2019-02-02T11:51:56","date_gmt":"2019-02-02T10:51:56","guid":{"rendered":"https:\/\/bonjourseville.com\/cookie-policy\/"},"modified":"2020-04-19T16:46:05","modified_gmt":"2020-04-19T14:46:05","slug":"politica-de-cookies","status":"publish","type":"page","link":"https:\/\/bonjourseville.com\/es\/politica-de-cookies\/","title":{"rendered":"Pol\u00edtica de cookies"},"content":{"rendered":"<p>Esta es la pol\u00edtica de cookies de Bonjour S\u00e9ville, accesible desde <a href=\"https:\/\/bonjourseville.com\">bonjourseville.com<\/a>.<\/p>\n<p><strong>\u00bfQu\u00e9 son las cookies?<\/strong><\/p>\n<p>Como es pr\u00e1ctica com\u00fan en casi todos los sitios web profesionales, este sitio utiliza cookies, que son peque\u00f1os archivos descargados en su computadora, para mejorar su experiencia. Esta p\u00e1gina describe qu\u00e9 informaci\u00f3n recopilan, c\u00f3mo la usamos y por qu\u00e9 a veces necesitamos almacenar estas cookies. Tambi\u00e9n le explicaremos c\u00f3mo puede evitar el almacenamiento de estas cookies. Sin embargo, esto podr\u00eda degradar o \u00abromper\u00bb ciertos elementos de la funcionalidad de los sitios.<\/p>\n<p>Para obtener informaci\u00f3n m\u00e1s general sobre las cookies, consulte el art\u00edculo de Wikipedia sobre <a href=\"https:\/\/en.wikipedia.org\/wiki\/HTTP_cookie\" target=\"_blank\" rel=\"noopener\">cookies HTTP<\/a>.<\/p>\n<p><strong>C\u00f3mo usamos las cookies<\/strong><\/p>\n<p>Utilizamos cookies por varias razones detalladas a continuaci\u00f3n. Desafortunadamente, en la mayor\u00eda de los casos, no existe una opci\u00f3n est\u00e1ndar de la industria para deshabilitar las cookies sin deshabilitar por completo la funcionalidad que agregan a este sitio. Se recomienda que deje todas las cookies si no est\u00e1 seguro de si las necesita o no, en caso de que se utilicen para proporcionar un servicio que utiliza.<\/p>\n<p><strong>Deshabilitar cookies<\/strong><\/p>\n<p>Puede evitar la instalaci\u00f3n de cookies ajustando la configuraci\u00f3n de su navegador (consulte la ayuda de su navegador para saber c\u00f3mo hacerlo). Tenga en cuenta que deshabilitar las cookies afectar\u00e1 la funcionalidad de este sitio y de muchos otros sitios web que visite. Desactivar las cookies generalmente tambi\u00e9n desactiva ciertas caracter\u00edsticas y funcionalidades de este sitio. Por lo tanto, se recomienda no desactivar las cookies.<\/p>\n<p><strong>Las cookies que hemos preparado<\/strong><\/p>\n<ul>\n<li style=\"list-style-type: none;\">\n<ul>\n<li>Cookies de formulario: cuando env\u00eda datos a trav\u00e9s de un formulario como los que se encuentran en las p\u00e1ginas de contacto o en los formularios de comentarios, se pueden configurar cookies para recordar su informaci\u00f3n de usuario para correspondencia posterior.<\/li>\n<li>Cookies de preferencias del sitio: con el fin de brindarle una experiencia inolvidable en este sitio, proporcionamos la funcionalidad para establecer sus preferencias para el funcionamiento de este sitio cuando lo utiliza. Para recordar sus preferencias, debemos establecer cookies para que se pueda acceder a esta informaci\u00f3n cada vez que interact\u00fae con una p\u00e1gina afectada por sus preferencias.<\/li>\n<\/ul>\n<\/li>\n<\/ul>\n<p><strong>Cookies de terceros<\/strong><\/p>\n<p>En algunos casos especiales, tambi\u00e9n utilizamos cookies proporcionadas por terceros de confianza. La siguiente secci\u00f3n detalla las cookies de terceros que puede encontrar a trav\u00e9s de este sitio.<\/p>\n<ul>\n<li>Este sitio utiliza Google Analytics, una de las soluciones de an\u00e1lisis web m\u00e1s utilizadas y confiables, para ayudarnos a comprender c\u00f3mo usa el sitio y c\u00f3mo podemos mejorar su experiencia. Estas cookies pueden rastrear cosas como el tiempo que pasa en el sitio y las p\u00e1ginas que visita, para que podamos continuar produciendo contenido atractivo. Para obtener m\u00e1s informaci\u00f3n sobre las cookies de Google Analytics, consulte la p\u00e1gina oficial de Google Analytics.<\/li>\n<\/ul>\n<p><strong>M\u00e1s informaci\u00f3n<\/strong><\/p>\n<p>Esperamos que esto le aclare las cosas y, como se ha mencionado anteriormente, si hay algo que no est\u00e1 seguro de necesitar, suele ser m\u00e1s seguro mantener activadas las cookies para su interacci\u00f3n con alguna de las funcionalidades que se usan en este sitio.<\/p>\n<p>En todo caso, si necesita m\u00e1s informaci\u00f3n, puede contactar con nosotros:<\/p>\n<ul>\n<li>Email: <a href=\"mailto:contact@bonjourseville.com\">contact@bonjourseville.com<\/a><\/li>\n<\/ul>\n\n\n<p><\/p>\n","protected":false},"excerpt":{"rendered":"<p>Esta es la pol\u00edtica de cookies de Bonjour S\u00e9ville, accesible desde bonjourseville.com. \u00bfQu\u00e9 son las cookies? Como es pr\u00e1ctica com\u00fan en casi todos los sitios web profesionales, este sitio utiliza cookies, que son peque\u00f1os archivos descargados en su computadora, para mejorar su experiencia. Esta p\u00e1gina&hellip; <a class=\"read-more\" href=\"https:\/\/bonjourseville.com\/es\/politica-de-cookies\/\">Leer m\u00e1s<\/a><\/p>\n","protected":false},"author":2,"featured_media":0,"parent":0,"menu_order":0,"comment_status":"closed","ping_status":"closed","template":"","meta":{"_exactmetrics_skip_tracking":false,"_exactmetrics_sitenote_active":false,"_exactmetrics_sitenote_note":"","_exactmetrics_sitenote_category":0},"_links":{"self":[{"href":"https:\/\/bonjourseville.com\/es\/wp-json\/wp\/v2\/pages\/2733"}],"collection":[{"href":"https:\/\/bonjourseville.com\/es\/wp-json\/wp\/v2\/pages"}],"about":[{"href":"https:\/\/bonjourseville.com\/es\/wp-json\/wp\/v2\/types\/page"}],"author":[{"embeddable":true,"href":"https:\/\/bonjourseville.com\/es\/wp-json\/wp\/v2\/users\/2"}],"replies":[{"embeddable":true,"href":"https:\/\/bonjourseville.com\/es\/wp-json\/wp\/v2\/comments?post=2733"}],"version-history":[{"count":4,"href":"https:\/\/bonjourseville.com\/es\/wp-json\/wp\/v2\/pages\/2733\/revisions"}],"predecessor-version":[{"id":3191,"href":"https:\/\/bonjourseville.com\/es\/wp-json\/wp\/v2\/pages\/2733\/revisions\/3191"}],"wp:attachment":[{"href":"https:\/\/bonjourseville.com\/es\/wp-json\/wp\/v2\/media?parent=2733"}],"curies":[{"name":"wp","href":"https:\/\/api.w.org\/{rel}","templated":true}]}}